{"id":1946,"date":"2018-10-07T20:01:08","date_gmt":"2018-10-07T17:01:08","guid":{"rendered":"https:\/\/www.fener.org\/?page_id=1946"},"modified":"2018-12-28T08:53:59","modified_gmt":"2018-12-28T05:53:59","slug":"gizlilik-politikasi","status":"publish","type":"page","link":"https:\/\/www.fener.org\/index.php\/anasayfa\/gizlilik-politikasi\/","title":{"rendered":"Gizlilik Politikas\u0131"},"content":{"rendered":"<div class=\"wpb-content-wrapper\"><p>[vc_row][vc_column]<div  class=\"jeg_block_heading jeg_block_heading_1 jeg_alignleft jnews_module__0_69d63ac337f52   \">\n                <h3 class=\"jeg_block_title\"><span>Gizlilik Politikas\u0131<\/span><\/h3>\n                <style>.jnews_module__0_69d63ac337f52.jeg_block_heading_1 { border-color: #004684; }<\/style>\n            <\/div>[vc_column_text]Say\u0131n Kullan\u0131c\u0131m\u0131z,<\/p>\n<p>fener.org web sitesine ho\u015f geldiniz.<\/p>\n<p>A\u015fa\u011f\u0131daki &#8220;Gizlilik Politikas\u0131&#8221;, fener.org web sitesinin, siz de\u011ferli kullan\u0131c\u0131lar\u0131m\u0131za sa\u011flad\u0131\u011f\u0131 bilgi ve hizmetlerin sunumuna ili\u015fkin h\u00fck\u00fcmleri d\u00fczenlemektedir.<\/p>\n<p>fener.org web sitesine giren ziyaret eden her kullan\u0131c\u0131 &#8220;Gizlilik Politikas\u0131&#8221;nda yer alan h\u00fck\u00fcmleri okumu\u015f ve kabul etmi\u015f say\u0131lacakt\u0131r.<\/p>\n<p>https:\/\/www.fener.org sitesi ve uzant\u0131l\u0131 herhangi bir sayfas\u0131 hi\u00e7bir \u015fekilde kimlik bilgilerinizi talep etmez. 256 bit seviyesinde koruma sa\u011flayan SSL sertifikas\u0131na sahip olan sayfalar\u0131m\u0131z\u0131 a\u015fa\u011f\u0131daki kural ve ko\u015fullar\u0131 kabul etmi\u015f say\u0131larak g\u00f6n\u00fcl rahatl\u0131\u011f\u0131 ile ziyaret edebilirsiniz.<\/p>\n<p>Site i\u00e7eri\u011fini okumak \u00fczere ziyaret ger\u00e7ekle\u015ftiren hi\u00e7 kimseden isim, e-posta, ki\u015fisel hesap tercihleri, sat\u0131n alma talepleri ve benzeri hi\u00e7bir bilgi talep edilmez. Sa\u011fl\u0131k veya ki\u015fisel veriler kapsam\u0131na girecek herhangi bir bilgi taraf\u0131m\u0131zdan al\u0131nmaz ve herhangi bir sebeple depolanmaz. Ancak bununla birlikte sitemizde ger\u00e7ekle\u015ftirece\u011finiz baz\u0131 faaliyetler \u00e7er\u00e7evesinde a\u015fa\u011f\u0131da yaz\u0131l\u0131 bilgilerin al\u0131nmas\u0131 gerekebilir.<\/p>\n<p><strong>Kay\u0131t Dosyalar\u0131<\/strong><\/p>\n<p>Bir\u00e7ok standard web sunucusunda oldu\u011fu gibi\u00a0www.fener.org web sitesini bar\u0131nd\u0131ran sunucularda istatistiksel ama\u00e7l\u0131 log dosyalar\u0131 kayd\u0131 tutmaktad\u0131r. Bu dosyalar; IP adresiniz, internet servis sa\u011flay\u0131c\u0131n\u0131z, taray\u0131c\u0131n\u0131z\u0131n \u00f6zellikleri, i\u015fletim sisteminiz ve siteye giri\u015f-\u00e7\u0131k\u0131\u015f sayfalar\u0131n\u0131z gibi standard bilgileri i\u00e7ermektedir. Log dosyalar\u0131 kesinlikle istatistiksel ama\u00e7lar d\u0131\u015f\u0131nda kullan\u0131lmamakta ve mahremiyetinizi ihlal etmemektedir.IP adresiniz ve di\u011fer bilgiler, \u015fahsi bilgileriniz ile ili\u015fkilendirilmemektedir.<\/p>\n<p><strong>\u00c7erezler<\/strong><\/p>\n<p>&#8216;Cookie &#8211; \u00c7erez&#8217; kelimesi web sayfas\u0131 sunucusunun sizin bilgisayar\u0131n\u0131z\u0131n hard diskine yerle\u015ftirdi\u011fi ufak bir text dosyas\u0131n\u0131 tan\u0131mlamak i\u00e7in kullan\u0131lmaktad\u0131r. Sitemizin baz\u0131 b\u00f6l\u00fcmlerinde kullan\u0131c\u0131 kolayl\u0131\u011f\u0131 sa\u011flamak i\u00e7in \u00e7erez kullan\u0131l\u0131yor olabilir. Ayr\u0131ca sitede mevcut bulunan reklamlar arac\u0131l\u0131\u011f\u0131yla, reklam verilerinin toplanmas\u0131 i\u00e7in cookie ve web beacon kullan\u0131l\u0131yor olabilir. Bu tamamen sizin izninizle ger\u00e7ekle\u015fiyor olup, iste\u011finiz dahilinde internet taray\u0131c\u0131n\u0131z\u0131n ayarlar\u0131n\u0131 de\u011fi\u015ftirerek bunu engellemeniz m\u00fcmk\u00fcnd\u00fcr.<\/p>\n<p><strong>Di\u011fer web sitelerinden g\u00f6m\u00fcl\u00fc i\u00e7erik<\/strong><\/p>\n<p>Bu sitedeki yaz\u0131lar g\u00f6m\u00fcl\u00fc i\u00e7erik (\u00f6r. Videolar, resimler, makaleler vb.) I\u00e7erebilir. Di\u011fer web sitelerinden gelen i\u00e7erik, ziyaret\u00e7inin di\u011fer web sitesini ziyaret etmi\u015f oldu\u011fundaki gibi tam olarak ayn\u0131 \u015fekilde davran\u0131r.<\/p>\n<p>Bu web siteleri sizin hakk\u0131n\u0131zda veri toplayabilir, \u00e7erez kullanabilir, ek \u00fc\u00e7\u00fcnc\u00fc taraf takibi yapabilir ve bir hesab\u0131n\u0131z varsa ve bu web sitesinde oturum a\u00e7t\u0131ysan\u0131z, kat\u0131\u015ft\u0131r\u0131lm\u0131\u015f i\u00e7eri\u011fiyle etkile\u015fimi izleme dahil olmak \u00fczere, bu yerle\u015fik i\u00e7erikle etkile\u015fiminizi izleyebilir.<\/p>\n<p><strong>Analitik<\/strong><\/p>\n<p>Sitemizde Google Analytics ve Yandex Metrica ile ziyaret\u00e7i takibi yap\u0131ld\u0131\u011f\u0131ndan dolay\u0131 bununla ilgili \u00e7erez kullan\u0131m\u0131 bulunmaktad\u0131r.<\/p>\n<p>\u0130lgili servislerin gizlilik politikalar\u0131na a\u015fa\u011f\u0131daki linklerden ula\u015fabilirsiniz:<br \/>\n&#8211; <a href=\"https:\/\/policies.google.com\/technologies\/partner-sites?hl=tr\" target=\"_blank\" rel=\"noopener\">Google Analytics<\/a><br \/>\n&#8211; <a href=\"https:\/\/metrica.yandex.com.tr\/about\/info\/privacy-policy\" target=\"_blank\" rel=\"noopener\">Yandex Metrica<\/a><\/p>\n<p><strong>Verilerinizi kimlerle payla\u015f\u0131yoruz?<\/strong><\/p>\n<p>Bu siteyi ziyaret etti\u011finizde ki\u015fisel verileriniz toplanmaz ve di\u011fer bilgileriniz hi\u00e7bir ki\u015fi veya kurum ile payla\u015f\u0131lmaz.<\/p>\n<p><strong>Verileriniz \u00fczerinde sahip oldu\u011funuz haklar<\/strong><\/p>\n<p>Bu sitede bir hesab\u0131n\u0131z veya yorumlar\u0131n\u0131z varsa, bize sa\u011flad\u0131\u011f\u0131n\u0131z veriler dahil olmak \u00fczere, hakk\u0131n\u0131zda tuttu\u011fumuz ki\u015fisel verilerin d\u0131\u015fa aktar\u0131lm\u0131\u015f bir dosyas\u0131n\u0131 almay\u0131 isteyebilirsiniz. Ayr\u0131ca, hakk\u0131n\u0131zda tuttu\u011fumuz t\u00fcm ki\u015fisel verileri silmemizi de isteyebilirsiniz. Ancak bu durum, idari, yasal veya g\u00fcvenlik gere\u011fi uymak zorunda oldu\u011fumuz kurallar\u0131 etkileyen hi\u00e7bir veriyi i\u00e7ermez.<\/p>\n<p>Gizlilik ile ilgili t\u00fcm taleplerinizi <a href=\"mailto:info@fener.org\">info@fener.org<\/a> adresine iletebilirsiniz.[\/vc_column_text][\/vc_column][\/vc_row]<\/p>\n<\/div>","protected":false},"excerpt":{"rendered":"<p>[vc_row][vc_column][vc_column_text]Say\u0131n Kullan\u0131c\u0131m\u0131z, fener.org web sitesine ho\u015f geldiniz. A\u015fa\u011f\u0131daki &#8220;Gizlilik Politikas\u0131&#8221;, fener.org web sitesinin, siz de\u011ferli kullan\u0131c\u0131lar\u0131m\u0131za sa\u011flad\u0131\u011f\u0131 bilgi ve hizmetlerin sunumuna ili\u015fkin h\u00fck\u00fcmleri d\u00fczenlemektedir. fener.org web sitesine giren ziyaret eden her kullan\u0131c\u0131 &#8220;Gizlilik Politikas\u0131&#8221;nda yer alan h\u00fck\u00fcmleri okumu\u015f ve kabul etmi\u015f say\u0131lacakt\u0131r. https:\/\/www.fener.org sitesi ve uzant\u0131l\u0131 herhangi bir sayfas\u0131 hi\u00e7bir \u015fekilde kimlik bilgilerinizi talep etmez. [&hellip;]<\/p>\n","protected":false},"author":1,"featured_media":0,"parent":239,"menu_order":0,"comment_status":"closed","ping_status":"closed","template":"template-builder.php","meta":{"jnews_page_loop":{"first_title":"Latest Post","second_title":"","header_type":"heading_6","header_background":"","header_text_color":"","layout":"right-sidebar","sidebar":"default-sidebar","second_sidebar":"default-sidebar","sticky_sidebar":"1","module":"3","excerpt_length":"20","content_date":"default","date_custom":"Y\/m\/d","content_pagination":"nav_1","pagination_align":"center","post_offset":"0","posts_per_page":"5","include_post":"","exclude_post":"","include_category":"","exclude_category":"","include_author":"","include_tag":"","exclude_tag":"","sort_by":"latest"},"jnews_single_page":{"layout":"no-sidebar","sidebar":"default-sidebar","second_sidebar":"default-sidebar","sticky_sidebar":"1","show_post_featured":"1","share_position":"top","share_color":"share-monocrhome"},"jnews_social_meta":{"fb_title":"","fb_description":"","fb_image":"","twitter_title":"","twitter_description":"","twitter_image":""},"footnotes":""},"class_list":["post-1946","page","type-page","status-publish","hentry"],"_links":{"self":[{"href":"https:\/\/www.fener.org\/index.php\/wp-json\/wp\/v2\/pages\/1946","targetHints":{"allow":["GET"]}}],"collection":[{"href":"https:\/\/www.fener.org\/index.php\/wp-json\/wp\/v2\/pages"}],"about":[{"href":"https:\/\/www.fener.org\/index.php\/wp-json\/wp\/v2\/types\/page"}],"author":[{"embeddable":true,"href":"https:\/\/www.fener.org\/index.php\/wp-json\/wp\/v2\/users\/1"}],"replies":[{"embeddable":true,"href":"https:\/\/www.fener.org\/index.php\/wp-json\/wp\/v2\/comments?post=1946"}],"version-history":[{"count":4,"href":"https:\/\/www.fener.org\/index.php\/wp-json\/wp\/v2\/pages\/1946\/revisions"}],"predecessor-version":[{"id":4998,"href":"https:\/\/www.fener.org\/index.php\/wp-json\/wp\/v2\/pages\/1946\/revisions\/4998"}],"up":[{"embeddable":true,"href":"https:\/\/www.fener.org\/index.php\/wp-json\/wp\/v2\/pages\/239"}],"wp:attachment":[{"href":"https:\/\/www.fener.org\/index.php\/wp-json\/wp\/v2\/media?parent=1946"}],"curies":[{"name":"wp","href":"https:\/\/api.w.org\/{rel}","templated":true}]}}