{"id":1186,"date":"2018-09-14T22:28:46","date_gmt":"2018-09-14T19:28:46","guid":{"rendered":"https:\/\/fener.org\/xwebsites\/wp\/fener\/?page_id=1186"},"modified":"2018-09-15T10:48:53","modified_gmt":"2018-09-15T07:48:53","slug":"amblem","status":"publish","type":"page","link":"https:\/\/www.fener.org\/index.php\/kulup\/amblem\/","title":{"rendered":"Amblem"},"content":{"rendered":"<div class=\"wpb-content-wrapper\"><p>[vc_row][vc_column][vc_row_inner][vc_column_inner]<div  class=\"jeg_block_heading jeg_block_heading_1 jeg_alignleft jnews_module__0_69daa80b0da83   \">\n                <h3 class=\"jeg_block_title\"><span>Amblem<\/span><\/h3>\n                <style>.jnews_module__0_69daa80b0da83.jeg_block_heading_1 { border-color: #004684; }<\/style>\n            <\/div>[\/vc_column_inner][\/vc_row_inner][vc_row_inner][vc_column_inner width=&#8221;2\/3&#8243;][vc_column_text]Fenerbah\u00e7e Kul\u00fcb\u00fc&#8217;n\u00fcn ilk armas\u0131 Fenerbah\u00e7e Burnu&#8217;ndaki \u0131\u015f\u0131k sa\u00e7an beyaz deniz feneri, renkleri ise sar\u0131 ile beyaz olmu\u015ftur. Ancak kul\u00fcp y\u00f6neticileri, bunu tatminkar bulmad\u0131klar\u0131ndan ve i\u00e7inde bulunduklar\u0131 monar\u015fi rejimini tehdit edici say\u0131laca\u011f\u0131 endi\u015fesi ile k\u0131sa zamanda bu armay\u0131 iptal etmi\u015ftir. 1910 y\u0131l\u0131nda futbolcu Sola\u00e7\u0131k Hikmet&#8217;in \u00e7izdi\u011fi arma herkesin be\u011fenisini kazanm\u0131\u015f ve kabul edilmi\u015ftir.<\/p>\n<p>Arma, 1910 y\u0131l\u0131nda resimde yetene\u011fi olan futbolcu Topuz Hikmet taraf\u0131ndan tasarlanm\u0131\u015ft\u0131r ve bu arma g\u00fcn\u00fcm\u00fcze kadar ula\u015fm\u0131\u015ft\u0131r. Topuz Hikmet&#8217;in anlat\u0131m\u0131yla Fenerbah\u00e7e armas\u0131n\u0131n \u00f6yk\u00fcs\u00fc \u015f\u00f6yledir:<\/p>\n<p>&#8220;Kul\u00fcb\u00fcm\u00fcz\u00fcn rengi sar\u0131-beyazdan, sar\u0131-laciverte \u00e7evrildikten sonra bu yeni renklerimizle bir rozet yapt\u0131r\u0131lmas\u0131 i\u015fi bahis oldu. Arkada\u015flar\u0131m bu arman\u0131n \u00e7izilmesini benden rica ettiler. \u0130lk \u00f6nce bayra\u011f\u0131m\u0131z\u0131n renkleri k\u0131rm\u0131z\u0131 ile beyaz\u0131 bir araya getirdim. Sonra k\u0131rm\u0131z\u0131 \u00fczerine bir kalp \u015fekli \u00e7izerek bunu sar\u0131-laciverte boyad\u0131m ve \u00fczerine de metanet, kuvvet ve sa\u011flaml\u0131\u011f\u0131n ifadesi olan me\u015fe dal\u0131n\u0131 resmettim. Beyaz k\u0131sma da kul\u00fcb\u00fcm\u00fcz\u00fcn ismini ve tesis tarihini yazd\u0131m. Rozetimizi \u00e7izerken, ona \u015fu manay\u0131 vermeye \u00e7al\u0131\u015ft\u0131m; Kalpten gelen bir ba\u011f\u0131ml\u0131l\u0131kla bu kul\u00fcbe hizmet etmek. \u00c7izdi\u011fim \u015fekil arkada\u015flar\u0131m taraf\u0131ndan be\u011fenildi ve yeni arma o tarihlerde \u0130ngiltere&#8217;de bulunan Tevfik Haccar&#8217;\u0131n arac\u0131l\u0131\u011f\u0131yla orada yapt\u0131r\u0131ld\u0131. Yeni harflerin kabul\u00fcnden sonra ayn\u0131 \u015fekilde muhafaza edildi. Sadece Fenerbah\u00e7e Spor Kul\u00fcb\u00fc 1907 yaz\u0131s\u0131 yeni harflerle de\u011fi\u015ftirildi.&#8221;<\/p>\n<p>Rozetin kli\u015fesi o tarihlerde Manchester&#8217;de bulunan Tevfik Ta\u015f\u00e7\u0131 Bey&#8217;e yolland\u0131. \u0130lk rozetler 1910 y\u0131l\u0131nda \u0130ngiltere&#8217;de yap\u0131lm\u0131\u015ft\u0131r.[\/vc_column_text][\/vc_column_inner][vc_column_inner width=&#8221;1\/3&#8243;][vc_single_image image=&#8221;1115&#8243; img_size=&#8221;200&#215;200&#8243; add_caption=&#8221;yes&#8221; alignment=&#8221;center&#8221; onclick=&#8221;link_image&#8221;][vc_single_image image=&#8221;1195&#8243; img_size=&#8221;200&#215;200&#8243; add_caption=&#8221;yes&#8221; alignment=&#8221;center&#8221; onclick=&#8221;link_image&#8221;][\/vc_column_inner][\/vc_row_inner][\/vc_column][\/vc_row]<\/p>\n<\/div>","protected":false},"excerpt":{"rendered":"<p>[vc_row][vc_column][vc_row_inner][vc_column_inner][\/vc_column_inner][\/vc_row_inner][vc_row_inner][vc_column_inner width=&#8221;2\/3&#8243;][vc_column_text]Fenerbah\u00e7e Kul\u00fcb\u00fc&#8217;n\u00fcn ilk armas\u0131 Fenerbah\u00e7e Burnu&#8217;ndaki \u0131\u015f\u0131k sa\u00e7an beyaz deniz feneri, renkleri ise sar\u0131 ile beyaz olmu\u015ftur. Ancak kul\u00fcp y\u00f6neticileri, bunu tatminkar bulmad\u0131klar\u0131ndan ve i\u00e7inde bulunduklar\u0131 monar\u015fi rejimini tehdit edici say\u0131laca\u011f\u0131 endi\u015fesi ile k\u0131sa zamanda bu armay\u0131 iptal etmi\u015ftir. 1910 y\u0131l\u0131nda futbolcu Sola\u00e7\u0131k Hikmet&#8217;in \u00e7izdi\u011fi arma herkesin be\u011fenisini kazanm\u0131\u015f ve kabul edilmi\u015ftir. Arma, 1910 [&hellip;]<\/p>\n","protected":false},"author":1,"featured_media":0,"parent":101,"menu_order":3,"comment_status":"closed","ping_status":"closed","template":"template-builder.php","meta":{"jnews_page_loop":{"enable_page_loop":"0","first_title":"Latest Post","second_title":"","header_type":"heading_6","header_background":"","header_text_color":"","layout":"right-sidebar","sidebar":"default-sidebar","second_sidebar":"default-sidebar","sticky_sidebar":"1","module":"3","boxed":"0","boxed_shadow":"0","box_shadow":"0","excerpt_length":"20","content_date":"default","date_custom":"Y\/m\/d","content_pagination":"nav_1","pagination_align":"center","show_navtext":"0","show_pageinfo":"0","post_offset":"0","posts_per_page":"5","include_post":"","exclude_post":"","include_category":"","exclude_category":"","include_author":"","include_tag":"","exclude_tag":"","sort_by":"latest"},"jnews_single_page":{"layout":"no-sidebar","sidebar":"default-sidebar","second_sidebar":"default-sidebar","sticky_sidebar":"1","show_post_featured":"1","show_post_meta":"0","share_position":"top","share_color":"share-monocrhome"},"jnews_social_meta":[],"footnotes":""},"class_list":["post-1186","page","type-page","status-publish","hentry"],"_links":{"self":[{"href":"https:\/\/www.fener.org\/index.php\/wp-json\/wp\/v2\/pages\/1186","targetHints":{"allow":["GET"]}}],"collection":[{"href":"https:\/\/www.fener.org\/index.php\/wp-json\/wp\/v2\/pages"}],"about":[{"href":"https:\/\/www.fener.org\/index.php\/wp-json\/wp\/v2\/types\/page"}],"author":[{"embeddable":true,"href":"https:\/\/www.fener.org\/index.php\/wp-json\/wp\/v2\/users\/1"}],"replies":[{"embeddable":true,"href":"https:\/\/www.fener.org\/index.php\/wp-json\/wp\/v2\/comments?post=1186"}],"version-history":[{"count":9,"href":"https:\/\/www.fener.org\/index.php\/wp-json\/wp\/v2\/pages\/1186\/revisions"}],"predecessor-version":[{"id":1197,"href":"https:\/\/www.fener.org\/index.php\/wp-json\/wp\/v2\/pages\/1186\/revisions\/1197"}],"up":[{"embeddable":true,"href":"https:\/\/www.fener.org\/index.php\/wp-json\/wp\/v2\/pages\/101"}],"wp:attachment":[{"href":"https:\/\/www.fener.org\/index.php\/wp-json\/wp\/v2\/media?parent=1186"}],"curies":[{"name":"wp","href":"https:\/\/api.w.org\/{rel}","templated":true}]}}