{"id":109,"date":"2018-08-12T11:40:00","date_gmt":"2018-08-12T08:40:00","guid":{"rendered":"https:\/\/fener.org\/xwebsites\/wp\/fener\/?page_id=109"},"modified":"2018-09-14T22:31:52","modified_gmt":"2018-09-14T19:31:52","slug":"yonetim","status":"publish","type":"page","link":"https:\/\/www.fener.org\/index.php\/kulup\/yonetim\/","title":{"rendered":"Y\u00f6netim"},"content":{"rendered":"<div class=\"wpb-content-wrapper\"><p>[vc_row][vc_column width=&#8221;2\/3&#8243;]<div  class=\"jeg_block_heading jeg_block_heading_1 jeg_alignleft jnews_module__0_69e1128ea554b   \">\n                <h3 class=\"jeg_block_title\"><span>Y\u00f6netim<\/span><\/h3>\n                <style>.jnews_module__0_69e1128ea554b.jeg_block_heading_1 { border-color: #004684; }<\/style>\n            <\/div>[vc_column_text]<strong>Fenerbah\u00e7e Spor Kul\u00fcb\u00fc Ba\u015fkan\u0131<\/strong><br \/>\nAli Y. KO\u00c7<\/p>\n<p><strong>Y\u00f6netim Kurulu \u00dcyeleri<\/strong><br \/>\nSemih \u00d6zsoy<br \/>\nMehmet Burhan Kara\u00e7am<br \/>\nNevres Erol Bilecik<br \/>\nSevil Zeynep Becan<br \/>\n\u015eaban Erdikler<br \/>\nMustafa Tankut Turnao\u011flu<br \/>\nFethi Pekin<br \/>\nMetin \u015een<br \/>\nTurhan \u015eahin<br \/>\nMustafa Kemal Danaba\u015f<br \/>\nAcar Serta\u00e7 Komsuo\u011flu<br \/>\nSimla T\u00fcrker Bayaz\u0131t<br \/>\n\u00d6mer Okan<br \/>\nBurak \u00c7a\u011flan K\u0131z\u0131lhan<\/p>\n<p><strong>Yedek \u00dcyeler<\/strong><br \/>\nBelgin Aral<br \/>\nAlper Peri\u015fan<br \/>\nOzan Korman Tarman<br \/>\nMetin Sipahio\u011flu<br \/>\nSelahattin Baki<br \/>\nMuhittin \u0130lker Din\u00e7ay<br \/>\nEsra Nazl\u0131 Ercan[\/vc_column_text][\/vc_column][vc_column width=&#8221;1\/3&#8243;][\/vc_column][\/vc_row]<\/p>\n<\/div>","protected":false},"excerpt":{"rendered":"<p>[vc_row][vc_column width=&#8221;2\/3&#8243;][vc_column_text]Fenerbah\u00e7e Spor Kul\u00fcb\u00fc Ba\u015fkan\u0131 Ali Y. KO\u00c7 Y\u00f6netim Kurulu \u00dcyeleri Semih \u00d6zsoy Mehmet Burhan Kara\u00e7am Nevres Erol Bilecik Sevil Zeynep Becan \u015eaban Erdikler Mustafa Tankut Turnao\u011flu Fethi Pekin Metin \u015een Turhan \u015eahin Mustafa Kemal Danaba\u015f Acar Serta\u00e7 Komsuo\u011flu Simla T\u00fcrker Bayaz\u0131t \u00d6mer Okan Burak \u00c7a\u011flan K\u0131z\u0131lhan Yedek \u00dcyeler Belgin Aral Alper Peri\u015fan Ozan Korman [&hellip;]<\/p>\n","protected":false},"author":1,"featured_media":0,"parent":101,"menu_order":2,"comment_status":"closed","ping_status":"closed","template":"template-builder.php","meta":{"jnews_page_loop":{"enable_page_loop":"0","first_title":"Latest Post","second_title":"","header_type":"heading_6","header_background":"","header_text_color":"","layout":"right-sidebar","sidebar":"default-sidebar","second_sidebar":"default-sidebar","sticky_sidebar":"1","module":"3","boxed":"0","boxed_shadow":"0","box_shadow":"0","excerpt_length":"20","content_date":"default","date_custom":"Y\/m\/d","content_pagination":"nav_1","pagination_align":"center","show_navtext":"0","show_pageinfo":"0","post_offset":"0","posts_per_page":"5","include_post":"","exclude_post":"","include_category":"","exclude_category":"","include_author":"","include_tag":"","exclude_tag":"","sort_by":"latest"},"jnews_single_page":{"layout":"no-sidebar","sidebar":"default-sidebar","second_sidebar":"default-sidebar","sticky_sidebar":"1","show_post_featured":"1","show_post_meta":"0","share_position":"top","share_color":"share-monocrhome"},"jnews_social_meta":[],"footnotes":""},"class_list":["post-109","page","type-page","status-publish","hentry"],"_links":{"self":[{"href":"https:\/\/www.fener.org\/index.php\/wp-json\/wp\/v2\/pages\/109","targetHints":{"allow":["GET"]}}],"collection":[{"href":"https:\/\/www.fener.org\/index.php\/wp-json\/wp\/v2\/pages"}],"about":[{"href":"https:\/\/www.fener.org\/index.php\/wp-json\/wp\/v2\/types\/page"}],"author":[{"embeddable":true,"href":"https:\/\/www.fener.org\/index.php\/wp-json\/wp\/v2\/users\/1"}],"replies":[{"embeddable":true,"href":"https:\/\/www.fener.org\/index.php\/wp-json\/wp\/v2\/comments?post=109"}],"version-history":[{"count":4,"href":"https:\/\/www.fener.org\/index.php\/wp-json\/wp\/v2\/pages\/109\/revisions"}],"predecessor-version":[{"id":1182,"href":"https:\/\/www.fener.org\/index.php\/wp-json\/wp\/v2\/pages\/109\/revisions\/1182"}],"up":[{"embeddable":true,"href":"https:\/\/www.fener.org\/index.php\/wp-json\/wp\/v2\/pages\/101"}],"wp:attachment":[{"href":"https:\/\/www.fener.org\/index.php\/wp-json\/wp\/v2\/media?parent=109"}],"curies":[{"name":"wp","href":"https:\/\/api.w.org\/{rel}","templated":true}]}}