{"id":105,"date":"2018-08-12T11:11:32","date_gmt":"2018-08-12T08:11:32","guid":{"rendered":"https:\/\/fener.org\/xwebsites\/wp\/fener\/?page_id=105"},"modified":"2018-09-14T22:33:12","modified_gmt":"2018-09-14T19:33:12","slug":"tarihce","status":"publish","type":"page","link":"https:\/\/www.fener.org\/index.php\/kulup\/tarihce\/","title":{"rendered":"Tarih\u00e7e"},"content":{"rendered":"<div class=\"wpb-content-wrapper\"><p>[vc_row][vc_column width=&#8221;2\/3&#8243;]<div  class=\"jeg_block_heading jeg_block_heading_1 jeg_alignleft jnews_module__0_69de28bbce73f   \">\n                <h3 class=\"jeg_block_title\"><span>Tarih\u00e7e<\/span><\/h3>\n                <style>.jnews_module__0_69de28bbce73f.jeg_block_heading_1 { border-color: #004684; }<\/style>\n            <\/div>[vc_column_text]Takvim yapraklar\u0131 1907 y\u0131l\u0131n\u0131 g\u00f6stermekteyken II. Abd\u00fclhamit devrinin son g\u00fcnleri ya\u015fanmaktad\u0131r. Saltanat\u0131n\u0131n son zamanlar\u0131n\u0131 ya\u015fayan II. Abd\u00fclhamit&#8217;in rejimi her alanda etkisini yitirmeye ba\u015flam\u0131\u015ft\u0131r. Bu azalma futbola da yans\u0131m\u0131\u015f, art\u0131k T\u00fcrk gen\u00e7leri de futbol oynamaya ba\u015flam\u0131\u015ft\u0131r.<\/p>\n<p>Bu durumdan yararlanan Kad\u0131k\u00f6yl\u00fc gen\u00e7lerden, Hariciye Naz\u0131r\u0131 As\u0131m ve Server Pa\u015fa&#8217;lar\u0131n torunu Londra Sefareti Ba\u015fkatibi Nuri Bey&#8217;in o\u011flu Ziya Bey ile Harekat Ordusu Feriki \u015eevki Pa\u015fa&#8217;n\u0131n o\u011flu Ayetullah Bey ve de \u00fcnl\u00fc edebiyat\u00e7\u0131 Sami Pa\u015fazade Sezai Bey&#8217;in ye\u011feni Enver Necip (Okaner) Bey, Necip Bey&#8217;in Moda Ba\u015fp\u0131nar Sokak 3 numaral\u0131 evde yapt\u0131klar\u0131 g\u00f6r\u00fc\u015fme neticesinde kuracaklar\u0131 tak\u0131m hakk\u0131nda kimi kararlar alm\u0131\u015flard\u0131r. G\u00f6r\u00fc\u015fmeler sonucunda maddi destek sa\u011flayan devrin zenginlerinden Saint Joseph mezunu M\u00fchendis Nurizade Ziya Bey&#8217;e kul\u00fcb\u00fcn kurucu ba\u015fkanl\u0131\u011f\u0131, Osmanl\u0131 Bankas\u0131 memurlar\u0131ndan Ayetullah Bey&#8217;e katiplik g\u00f6revi, Bahriye Subay\u0131 Necip Bey&#8217;e de kaptanl\u0131k ve veznedarl\u0131k g\u00f6revi verilmi\u015ftir.[2] Yine g\u00f6r\u00fc\u015fmede var\u0131lan fikir birli\u011fi ile de; kuracaklar\u0131 kul\u00fcb\u00fcn ad\u0131n\u0131 oturduklar\u0131 semtten esinlenerek Fenerbah\u00e7e yap\u0131lmas\u0131, armalar\u0131n\u0131n Fenerbah\u00e7e Burnu&#8217;ndaki \u0131\u015f\u0131k sa\u00e7an fenerden, formalar\u0131ndaki renkleri ise Fener bah\u00e7esindeki papatyalar\u0131n k\u0131skan\u00e7l\u0131k ve temizlik sembol\u00fc olan renklerinden, yani sar\u0131 ile beyazdan olu\u015fmas\u0131 kararla\u015ft\u0131r\u0131lm\u0131\u015ft\u0131r.<\/p>\n<p>Kul\u00fcb\u00fcn kadrosu semtteki gen\u00e7lerden olu\u015fturulmu\u015ftur. 1908 y\u0131l\u0131nda \u0130kinci Me\u015frutiyet&#8217;in ilan\u0131 ile tan\u0131nan dernek kurma serbestli\u011fi \u0130stanbul&#8217;da bir\u00e7ok T\u00fcrk kul\u00fcb\u00fcn\u00fcn kurulmas\u0131na vesile olmu\u015ftur. Kul\u00fcp say\u0131s\u0131ndaki art\u0131\u015f \u0130stanbul&#8217;da yeni bir ligin kurulmas\u0131 ihtiyac\u0131n\u0131 do\u011furmu\u015f, bu nedenle de o d\u00f6nemlerde \u00fclkede resmi tatil g\u00fcn\u00fc olan Cuma g\u00fcnleri oynanacak bir lig olan, Cuma Ligi ad\u0131yla yeni bir lig kurulmu\u015ftur.<\/p>\n<p>Kul\u00fcp kurulu\u015funda sar\u0131-beyaz olan renklerini 1909 sonbahar\u0131nda sar\u0131-laciverte \u00e7evirmi\u015ftir. 1909-10 sezonuyla birlikte de \u0130stanbul Futbol Ligi&#8217;ne kat\u0131lm\u0131\u015ft\u0131r.<\/p>\n<p>Fenerbah\u00e7e Kul\u00fcb\u00fc&#8217;n\u00fcn ilk armas\u0131 Fenerbah\u00e7e Burnu&#8217;ndaki \u0131\u015f\u0131k sa\u00e7an beyaz deniz feneri, renkleri ise sar\u0131 ile beyaz olmu\u015ftur. Ancak kul\u00fcp y\u00f6neticileri, bunu tatminkar bulmad\u0131klar\u0131ndan ve i\u00e7inde bulunduklar\u0131 monar\u015fi rejimini tehdit edici say\u0131laca\u011f\u0131 endi\u015fesi ile k\u0131sa zamanda bu armay\u0131 iptal etmi\u015ftir. 1910 y\u0131l\u0131nda futbolcu Sola\u00e7\u0131k Hikmet&#8217;in \u00e7izdi\u011fi arma herkesin be\u011fenisini kazanm\u0131\u015f ve kabul edilmi\u015ftir.<\/p>\n<p>1910 y\u0131l\u0131nda Ku\u015fdili Kul\u00fcb\u00fc&#8217;n\u00fcn kul\u00fcp b\u00fcnyesine kat\u0131l\u0131m\u0131yla Fenerbah\u00e7e k\u00fcrek, avc\u0131l\u0131k, kriket ve tenis sporlar\u0131na sahip olmu\u015ftur.<\/p>\n<p>Kadrosunu gen\u00e7lerle g\u00fc\u00e7lendiren bu Fenerbah\u00e7e 1911-12 sezonunda hi\u00e7 yenilmeden \u015fampiyon olmu\u015ftur. Bu \u015fampiyonlu\u011fun en \u00f6nemli yan\u0131 ise, Fenerbah\u00e7e&#8217;nin bu \u015fampiyonlu\u011fu ile \u0130ngiliz ve Rum tak\u0131mlar\u0131n\u0131n \u015fampiyonluklar\u0131n\u0131n tamamen sona erdirmesi ve bu tarihten itibaren de T\u00fcrk futbolunda \u015fampiyonluklar\u0131n art\u0131k T\u00fcrk tak\u0131mlar\u0131n\u0131n olmas\u0131d\u0131r. Bu \u015fampiyonluk, kul\u00fcb\u00fcn itibar\u0131n\u0131 bir anda y\u00fckseltmi\u015f, imkanlar\u0131n\u0131 artt\u0131rm\u0131\u015ft\u0131r. Alt\u0131yol&#8217;da bir kul\u00fcp lokali kiralanm\u0131\u015f, lokalin a\u00e7\u0131l\u0131\u015f\u0131 ile \u00fcye say\u0131s\u0131 \u00e7o\u011falm\u0131\u015ft\u0131r. Bu arada futbol d\u0131\u015f\u0131nda di\u011fer spor dallar\u0131nda da faaliyet g\u00f6sterilmesine ba\u015fland\u0131\u011f\u0131ndan, ayn\u0131 y\u0131l Fenerbah\u00e7e Futbol Kul\u00fcb\u00fc ad\u0131, Fenerbah\u00e7e Spor Kul\u00fcb\u00fc&#8217;ne d\u00f6n\u00fc\u015ft\u00fcr\u00fclm\u00fc\u015ft\u00fcr.<\/p>\n<p>Kul\u00fcb\u00fcn kurulu\u015f g\u00fcn\u00fc olarak Gazi Mustafa Kemal Pa\u015fa&#8217;n\u0131n kul\u00fcb\u00fc ziyaret tarihi olan 3 May\u0131s kabul edilir.[\/vc_column_text][\/vc_column][vc_column width=&#8221;1\/3&#8243;][\/vc_column][\/vc_row]<\/p>\n<\/div>","protected":false},"excerpt":{"rendered":"<p>[vc_row][vc_column width=&#8221;2\/3&#8243;][vc_column_text]Takvim yapraklar\u0131 1907 y\u0131l\u0131n\u0131 g\u00f6stermekteyken II. Abd\u00fclhamit devrinin son g\u00fcnleri ya\u015fanmaktad\u0131r. Saltanat\u0131n\u0131n son zamanlar\u0131n\u0131 ya\u015fayan II. Abd\u00fclhamit&#8217;in rejimi her alanda etkisini yitirmeye ba\u015flam\u0131\u015ft\u0131r. Bu azalma futbola da yans\u0131m\u0131\u015f, art\u0131k T\u00fcrk gen\u00e7leri de futbol oynamaya ba\u015flam\u0131\u015ft\u0131r. Bu durumdan yararlanan Kad\u0131k\u00f6yl\u00fc gen\u00e7lerden, Hariciye Naz\u0131r\u0131 As\u0131m ve Server Pa\u015fa&#8217;lar\u0131n torunu Londra Sefareti Ba\u015fkatibi Nuri Bey&#8217;in o\u011flu Ziya [&hellip;]<\/p>\n","protected":false},"author":1,"featured_media":0,"parent":101,"menu_order":1,"comment_status":"closed","ping_status":"closed","template":"template-builder.php","meta":{"jnews_page_loop":{"enable_page_loop":"0","first_title":"Latest Post","second_title":"","header_type":"heading_6","header_background":"","header_text_color":"","layout":"right-sidebar","sidebar":"default-sidebar","second_sidebar":"default-sidebar","sticky_sidebar":"1","module":"3","boxed":"0","boxed_shadow":"0","box_shadow":"0","excerpt_length":"20","content_date":"default","date_custom":"Y\/m\/d","content_pagination":"nav_1","pagination_align":"center","show_navtext":"0","show_pageinfo":"0","post_offset":"0","posts_per_page":"5","include_post":"","exclude_post":"","include_category":"","exclude_category":"","include_author":"","include_tag":"","exclude_tag":"","sort_by":"latest"},"jnews_single_page":{"layout":"no-sidebar","sidebar":"default-sidebar","second_sidebar":"default-sidebar","sticky_sidebar":"1","show_post_featured":"1","show_post_meta":"0","share_position":"top","share_color":"share-monocrhome"},"jnews_social_meta":[],"footnotes":""},"class_list":["post-105","page","type-page","status-publish","hentry"],"_links":{"self":[{"href":"https:\/\/www.fener.org\/index.php\/wp-json\/wp\/v2\/pages\/105","targetHints":{"allow":["GET"]}}],"collection":[{"href":"https:\/\/www.fener.org\/index.php\/wp-json\/wp\/v2\/pages"}],"about":[{"href":"https:\/\/www.fener.org\/index.php\/wp-json\/wp\/v2\/types\/page"}],"author":[{"embeddable":true,"href":"https:\/\/www.fener.org\/index.php\/wp-json\/wp\/v2\/users\/1"}],"replies":[{"embeddable":true,"href":"https:\/\/www.fener.org\/index.php\/wp-json\/wp\/v2\/comments?post=105"}],"version-history":[{"count":5,"href":"https:\/\/www.fener.org\/index.php\/wp-json\/wp\/v2\/pages\/105\/revisions"}],"predecessor-version":[{"id":1185,"href":"https:\/\/www.fener.org\/index.php\/wp-json\/wp\/v2\/pages\/105\/revisions\/1185"}],"up":[{"embeddable":true,"href":"https:\/\/www.fener.org\/index.php\/wp-json\/wp\/v2\/pages\/101"}],"wp:attachment":[{"href":"https:\/\/www.fener.org\/index.php\/wp-json\/wp\/v2\/media?parent=105"}],"curies":[{"name":"wp","href":"https:\/\/api.w.org\/{rel}","templated":true}]}}